{"id":2,"date":"2021-12-01T13:54:50","date_gmt":"2021-12-01T11:54:50","guid":{"rendered":"http:\/\/testiosoite7.com\/?page_id=2"},"modified":"2025-10-06T19:23:09","modified_gmt":"2025-10-06T16:23:09","slug":"esimerkkisivu","status":"publish","type":"page","link":"https:\/\/www.mapsion.fi\/","title":{"rendered":""},"content":{"rendered":"\n\n\t\t\t\t<img decoding=\"async\" src=\"https:\/\/www.mapsion.fi\/wp-content\/uploads\/2022\/09\/poesia_83-300x225.jpg\" alt=\"poesia_83\" itemprop=\"image\" title=\"poesia_83\" onerror=\"this.style.display='none'\"  \/>\n\t<h3>MAPSION &#8211; INTERNATIONAL VIDEOMAPPING COMPETITION<br \/>\n&#8212;-<\/h3>\n<h3>OPEN CALL EXTENTED TO<br \/>\n17.OCT.25<\/h3>\n\t\t\t<a href=\"https:\/\/drive.google.com\/drive\/folders\/1gmfOso2gpL1pOFp-_4UUQukpPf722P0d\" target=\"_blank\" rel=\"noopener\">\n\t\t\t\t\t\t\tLINK TO THE COMPETITION MATERIALS\n\t\t\t\t\t<\/a>\n\t\t\t<a href=\"https:\/\/docs.google.com\/forms\/d\/e\/1FAIpQLSe0CllnHPhJmYzJny1xnjSiW3l4jWHA3VlESWCI-tJb61Ya8A\/viewform?usp=header\" target=\"_blank\" rel=\"noopener\">\n\t\t\t\t\t\t\tLINK TO THE APPLICATION FORM\n\t\t\t\t\t<\/a>\n\t<h2><strong>MAPSION &#8211; INTERNATIONAL VIDEOMAPPING COMPETITION<\/strong><\/h2>\n<p>&#8212;<\/p>\n<h4><b>Suomeksi (scroll down for english version):<\/b><\/h4>\n<h4><b>AJANKOHTA:\u00a0<\/b><\/h4>\n<p>Mapsion on kansainv\u00e4linen videomappauskilpailu, jonka avajaiset j\u00e4rjestet\u00e4\u00e4n 25. lokakuuta 2025 Jyv\u00e4skyl\u00e4ss\u00e4.<\/p>\n<p>Kilpailun teokset ovat esill\u00e4 25.10-16.11.2025 p\u00e4ivitt\u00e4in klo 18-21<\/p>\n<p>&#8212;<\/p>\n<h4><b>Kilpailuteosten tekniset tiedot\u00a0<\/b><\/h4>\n<p><b>Kesto:<\/b><\/p>\n<p>2-7 minuuttia.<\/p>\n<p>&nbsp;<\/p>\n<p><b>Video:<\/b><\/p>\n<p>Resoluutio: 1920&#215;1080 px<\/p>\n<p>Codec: HAP \/ DVX \/ MP4 \/ MOV<\/p>\n<p>Frames per second: 30 fps<\/p>\n<p>&nbsp;<\/p>\n<p><b>\u00c4\u00e4ni:<\/b><\/p>\n<p>WAV 48kHz, 16Bit, Stereo (<b>sis\u00e4llytettyn\u00e4 videotiedostoon ja toimitettuna erillisen\u00e4 \u00e4\u00e4nitiedostona<\/b>)<\/p>\n<p><b>Tiedoston nime\u00e4minen:\u00a0<\/b><\/p>\n<p>TeamName_otsikko_maa<\/p>\n<p>&#8212;<\/p>\nKilpailun j\u00e4rjest\u00e4j\u00e4 varmistaa teoksen sis\u00e4ll\u00f6n ja tekniset vaatimukset kelvollisiksi.<br \/>\nKilpailuun otetaan mukaan v\u00e4hint\u00e4\u00e4n 10 osallistujaa, joiden teokset esitet\u00e4\u00e4n itse tapahtumassa. J\u00e4rjest\u00e4j\u00e4ll\u00e4 on oikeus karsia osallistuneita teoksia ilman perusteluita.\u00a0\n<p>Kaikki tekniset laadut t\u00e4ytt\u00e4v\u00e4t teokset kuvataan kilpailun ulkopuolella ja kuvattu video l\u00e4hetet\u00e4\u00e4n osallistujille. T\u00e4m\u00e4 koskee my\u00f6s teoksia, jotka eiv\u00e4t ole mukana varsinaisessa tapahtumassa. Teokset l\u00e4hett\u00e4neet taiteilijat voivat k\u00e4ytt\u00e4\u00e4 kuvattua videoa esim. referenssin\u00e4 portfoliossaan.<\/p>\n<p><a href=\"https:\/\/drive.google.com\/drive\/folders\/1gmfOso2gpL1pOFp-_4UUQukpPf722P0d\" target=\"_blank\" rel=\"noopener\">Linkki materiaaleihin!<\/a><\/p>\n<p>&#8212;<\/p>\n<h4><b>Kilpailun tuomaristo\u00a0<\/b><\/h4>\n<p>Kilpailun j\u00e4rjest\u00e4j\u00e4 kokoaa ammattitaitoisen kansainv\u00e4lisen tuomariston. Kilpailun voittajat julkistetaan tapahtumassa.Kilpailun tuomaristo ja muu henkil\u00f6kunta julkaistaan tapahtuman kotisivuilla my\u00f6hemmin syksyll\u00e4 2025.<\/p>\n<p>&#8212;<\/p>\n<h4><b>Palkinnot\u00a0<\/b><\/h4>\n<p>1. sija &#8211; 2500\u20ac<\/p>\n<p>2. sija &#8211; 1500\u20ac<\/p>\n<p>3. sija &#8211; 1000\u20ac\u00a0<\/p>\n<p>&#8212;<\/p>\n<h4><b>Kilpailuun osallistumisen tiedot\u00a0<\/b><\/h4>\n<h5><strong><i>Osallistuminen on mahdollista 10.10.2025 klo 23:59 saakka (CET+2)\u00a0<\/i><\/strong><\/h5>\n<p>T\u00e4yt\u00e4 osallistumislomake ja sis\u00e4llyt\u00e4 siihen teoksesi ja kolme suuriresoluutioista kuvaa (ohjeet l\u00f6ytyv\u00e4t lomakkeesta).\u00a0<\/p>\n<p><b><i><a href=\"https:\/\/docs.google.com\/forms\/d\/1Q_-nnXJw5_GANNsS2vx0ideHBuvIVtABc9vb3EMklBU\/edit\" target=\"_blank\" rel=\"noopener\">Linkki osallistumislomakkeeseen<\/a><\/i><\/b><\/p>\n<p>&#8212;<\/p>\n<b>Kilpailun oikeudet ja vastuu<br \/>\n<\/b><b>(Kaikki alla olevat oikeudet osoitetaan j\u00e4rjest\u00e4j\u00e4lle):\u00a0<\/b>\n<p>1. J\u00e4rjest\u00e4j\u00e4 saa tarvittaessa tehd\u00e4 pieni\u00e4 muutoksia teokseen, jotta se sopii videomappaamiseen. (L\u00e4hinn\u00e4 s\u00e4\u00e4t\u00e4\u00e4 videon valotusta, kirkkautta, kontrastia ja \u00e4\u00e4nen volyymia jne.).\u00a0<\/p>\n<p>2. Esitt\u00e4\u00e4 ja k\u00e4ytt\u00e4\u00e4 osallistuneita teoksia tai niiden osia, omilla some-kanavillaan, Youtubessa ja muussa tapahtuman markkinoinnissa.\u00a0<\/p>\n<p>3. Kuvata tapahtumaan osallistuneita teoksista, ja esitt\u00e4\u00e4 ja k\u00e4ytt\u00e4\u00e4 kuvattua materiaalia omilla some-kanavillaan, Youtubessa ja muussa tapahtuman markkinoinnissa.\u00a0<\/p>\n<p>4. J\u00e4rjest\u00e4j\u00e4 saa tarvittaessa sijoittaa omia ja sponsoreiden logoja teosten alkuun ja\/-tai loppuun tapahtuman aikana ja tapahtumaan liittyv\u00e4ss\u00e4 markkinoinnissa.\u00a0<\/p>\n<p>5. Kilpailuun osallistuvat teokset eiv\u00e4t saa olla kuvaston tai Teoston (tai muiden vastaavien) alaisia.\u00a0<\/p>\n<p><i>Teosten tekij\u00e4noikeudet s\u00e4ilyv\u00e4t tekij\u00f6ill\u00e4.<\/i><\/p>\n<p>&#8212;<\/p>\n<h4><b>Kilpailun s\u00e4\u00e4nn\u00f6t ja kiellot\u00a0<\/b><\/h4>\n<p>Osallistuja sitoutuu alla oleviin s\u00e4\u00e4nt\u00f6ihin:\u00a0<\/p>\n<p>1. Osallistuja noudattaa teknisi\u00e4 s\u00e4\u00e4d\u00f6ksi\u00e4 ja ilmoittautumisp\u00e4iv\u00e4m\u00e4\u00e4ri\u00e4.\u00a0<\/p>\n<p>2. Mahdolliset tiedostovirheet saattavat johtaa teoksen hylk\u00e4\u00e4miseen.\u00a0<\/p>\n<p>3. Osallistuvat teokset eiv\u00e4t sis\u00e4ll\u00e4 mit\u00e4\u00e4n syrjiv\u00e4\u00e4-, poliittista-, rasisitista-, lapsilta kielletty\u00e4-, tai vastaavaa materiaalia.\u00a0<\/p>\n<p>4. Teokset eiv\u00e4t riko tekij\u00e4noikeuksia milt\u00e4\u00e4n osiltaan.\u00a0<\/p>\n<p>5. Mik\u00e4li rikkoumuksia ilmaantuu j\u00e4lkik\u00e4teen, osallistuja sitoutuu vastaamaan niiden seurauksista ja mahdollisesti palauttamaan mahdollisen palkinnon.\u00a0<\/p>\n<p><i>Mik\u00e4li sinulla on jotain kilpailuun tai -s\u00e4\u00e4nt\u00f6ihin liittyvi\u00e4 kysymyksi\u00e4, niin l\u00e4het\u00e4 viesti\u00e4 s\u00e4hk\u00f6postiin: <\/i><a href=\"http:\/\/tiainen.xyz\"><i>tiainen.xyz<\/i><\/a><i>(at)gmail. com<\/i><\/p>\n<p>&nbsp;<\/p>\n<h2><b>Onnea kilpailuun!!<\/b><\/h2>\n<p>&#8212;&#8212;&#8212;&#8212;&#8212;&#8212;&#8212;<\/p>\n<p>&nbsp;<\/p>\n<h4><strong>General Information<\/strong><\/h4>\n<p>Mapsion videomapping contest 205<\/p>\n<p>Jyv\u00e4skyl\u00e4n city hall,\u00a0 Vapaudenkatu 32, Jyv\u00e4skyl\u00e4, Finland\u00a0<\/p>\n<p>&#8212;<\/p>\n<h4><strong>TIME:<\/strong><\/h4>\n<p>Mapsion is an international video mapping competition, with its opening event taking place on October 25, 2025, in Jyv\u00e4skyl\u00e4.<\/p>\n<p>The competition works will be on display daily from October 25 to November 16, 2025, between 6 PM and 9 PM.<\/p>\n<p>&#8212;<\/p>\n<h4><strong>Terms and Conditions<\/strong><\/h4>\n<h3><strong>Technical specifications<\/strong><\/h3>\n<p><strong>Duration:<\/strong><\/p>\n<p>Within the range of 2-7 minutes.<\/p>\n<p><strong>Video:<\/strong><\/p>\n<p>Resolution: 1920&#215;1080 px Codec: HAP \/ DVX \/ MP4 \/ MOV Frames per second: 30 fps<\/p>\n<p><strong>Sound:<\/strong><\/p>\n<p>WAV 48kHz, 16Bit, Stereo(can be integrated into the video file and supplied as a separate track)<\/p>\n<p><strong>File name:<\/strong><\/p>\n<p>TeamName_title_country<\/p>\nThe content and technical parameters of the contest entry shall be verified by the Organizer.<br \/>\nThe 10 (or more) contest entries approved shall be displayed at the venue of the Contest.<br \/>\nThe Organizer leaves the right to deny the contestant without any explanation.<br \/>\nAll the qualified videos shall be projected outside of the venue and filmed by the organizer, and send back for the artist for use as a reference for the future.\n<p><a href=\"https:\/\/drive.google.com\/drive\/folders\/1gmfOso2gpL1pOFp-_4UUQukpPf722P0d\" target=\"_blank\" rel=\"noopener\">Link to the materials!<\/a><\/p>\n<p>&#8212;<\/p>\n<h4><strong>The Contest Jury<\/strong><\/h4>\nThe Jury is formed by the Organizer to evaluate the Contestants.<br \/>\nThe Jury consists of prominent experts and professionals in several art fields from Finland. The decision shall be announced at the end of the award ceremony.\n<p>The contest entries shall not be reviewed or returned.<\/p>\n<p>Information related to the board of judges, executive committee and other participants of the MAPSION Festival will be available on its official web sources.<\/p>\n<p>&#8212;<\/p>\n<h4><strong>Money Prizes<\/strong><\/h4>\n<p>Total prize pool: 5000\u20ac<\/p>\n<p>1st place &#8211; 2500\u20ac<\/p>\n<p>2nd place &#8211; 1500\u20ac<\/p>\n<p>3rd place &#8211; 1000\u20ac<\/p>\n<p>&#8212;<\/p>\n<h4><strong>Information on filling out the application and contest stages<\/strong><\/h4>\nBy October 10, 2025 (before 23:59, CET+2) &#8211; fill out the application form and send us a presentation and downloadable link to your work. Include 3 high resolution pictures of you work and your Instagram handle.<br \/>\n<a href=\"https:\/\/docs.google.com\/forms\/d\/1Q_-nnXJw5_GANNsS2vx0ideHBuvIVtABc9vb3EMklBU\/edit\" target=\"_blank\" rel=\"noopener\">You can find application form from here.<\/a>\n<strong>Rights and Guarantees<\/strong><br \/>\nThe following rights shall be granted to the Organizer:\n<p>1. Make changes in the contest entry upon his discretion to best suit the screening process, namely adjusting brightness, contrast, color tone, volume control, etc.<\/p>\n<p>2. To demonstrate the contest entry at selected venues, broadcast any related materials on TV and online platforms both in Finland and abroad over an indefinite period of time to promote the event.<\/p>\n<p>3. To record videos or take photos of the contest entry preserving the rights to any such videos or photos, to use them in part or in full for media coverage or promotion purposes, and to store them over an indefinite period of time.<\/p>\n<p>4. To place the Contest\/Festival logo, name or other credentials in any contest entry upon its submission.<\/p>\n<p>5. To use the contest entry in full or in part by any means chosen without the Contestant&#8217;s consent for media coverage and promotion purposes by the Organizer, sponsors and any authorized party.<\/p>\n<p>The Contestant remains the sole copyright holder to the contest entry submitted and guarantees his\/her consent to any of the above.<\/p>\n<p>&#8212;<\/p>\n<h4><strong>Contest Rules and Prohibitions<\/strong><\/h4>\n<p>The Contestant shall comply to the following:<\/p>\n<p>1. Use contest official materials for creating your artwork.<\/p>\n<p>2. The contest entry needs to follow technical parameters and it needs to be submitted before the deadline.<\/p>\n<p>3. All the damages or errors in the contest entry are not directly eliminated, but contestant is asked to fix the errors with Organizer&#8217;s help.<\/p>\n<p>4. The materials submitted contain no discrimination, messages of political, religious, racial or any other nature.<\/p>\n<p>5. No copyright or other rights of the third party are violated. The Contestant is not involved in any dispute related to such violation. In the event of any dispute, the Contestant shall solely bear all the responsibility for its settlement, including all the fees and charges incurred.<\/p>\n<p>6. The content of the contest entry shall be adopted given the peculiarities of the audience for the people of all ages could enjoy the Contest\/Festival.<\/p>\n<p>7. Any contest entry violating any rights of the third party shall be disqualified, its award or prize, if any, shall be deemed void and returned.<\/p>\n<p>If you have any questions, please feel free to contact us by email: tiainen.xyz(at)gmail.com<\/p>\n<h3><strong>Good luck for the competition!!<\/strong><\/h3>\n<a role=\"button\" href=\"https:\/\/drive.google.com\/drive\/folders\/1gmfOso2gpL1pOFp-_4UUQukpPf722P0d?usp=share_link\" target=\"_blank\" rel=\"noopener\"><br \/>\nLink to the competition rules and materials<br \/>\n<\/a>\n<p>&nbsp;<\/p>\n<p>&nbsp;<\/p>\n<p>&nbsp;<\/p>\n\t\t\t\t<img loading=\"lazy\" decoding=\"async\" src=\"https:\/\/www.mapsion.fi\/wp-content\/uploads\/2025\/06\/VK_logo_nega_rgb.png\" alt=\"VK_logo_nega_rgb\" itemprop=\"image\" height=\"238\" width=\"591\" title=\"VK_logo_nega_rgb\" onerror=\"this.style.display='none'\"  \/>\n\t\t\t\t<img loading=\"lazy\" decoding=\"async\" src=\"https:\/\/www.mapsion.fi\/wp-content\/uploads\/2022\/09\/MIXA-logo-slogan-2v-punavalk_RGB-300x82.png\" alt=\"MIXA-logo-slogan-2v-punavalk_RGB\" itemprop=\"image\" height=\"82\" width=\"300\" title=\"MIXA-logo-slogan-2v-punavalk_RGB\" onerror=\"this.style.display='none'\"  \/>\n\t\t\t\t<img loading=\"lazy\" decoding=\"async\" src=\"https:\/\/www.mapsion.fi\/wp-content\/uploads\/2022\/10\/mapsion2022_logoSketchs-e1665134992228-300x67.png\" alt=\"mapsion2022_logoSketchs\" itemprop=\"image\" height=\"67\" width=\"300\" title=\"mapsion2022_logoSketchs\" onerror=\"this.style.display='none'\"  \/>\n\t\t\t\t<img loading=\"lazy\" decoding=\"async\" src=\"https:\/\/www.mapsion.fi\/wp-content\/uploads\/2025\/10\/LogoMadMapper_2017_1.png\" alt=\"LogoMadMapper_2017_1\" itemprop=\"image\" height=\"142\" width=\"385\" title=\"LogoMadMapper_2017_1\" onerror=\"this.style.display='none'\"  \/>\n\n","protected":false},"excerpt":{"rendered":"<p>MAPSION &#8211; INTERNATIONAL VIDEOMAPPING COMPETITION &#8212;- OPEN CALL EXTENTED TO 17.OCT.25 LINK TO THE COMPETITION MATERIALS LINK TO THE APPLICATION FORM MAPSION &#8211; INTERNATIONAL VIDEOMAPPING COMPETITION &#8212; Suomeksi (scroll down for english version): AJANKOHTA:\u00a0 Mapsion on kansainv\u00e4linen videomappauskilpailu, jonka avajaiset &hellip; <a href=\"https:\/\/www.mapsion.fi\/\">Continued<\/a><\/p>\n","protected":false},"author":1,"featured_media":0,"parent":0,"menu_order":0,"comment_status":"closed","ping_status":"open","template":"","meta":{"footnotes":""},"class_list":["post-2","page","type-page","status-publish","hentry"],"_links":{"self":[{"href":"https:\/\/www.mapsion.fi\/index.php?rest_route=\/wp\/v2\/pages\/2","targetHints":{"allow":["GET"]}}],"collection":[{"href":"https:\/\/www.mapsion.fi\/index.php?rest_route=\/wp\/v2\/pages"}],"about":[{"href":"https:\/\/www.mapsion.fi\/index.php?rest_route=\/wp\/v2\/types\/page"}],"author":[{"embeddable":true,"href":"https:\/\/www.mapsion.fi\/index.php?rest_route=\/wp\/v2\/users\/1"}],"replies":[{"embeddable":true,"href":"https:\/\/www.mapsion.fi\/index.php?rest_route=%2Fwp%2Fv2%2Fcomments&post=2"}],"version-history":[{"count":132,"href":"https:\/\/www.mapsion.fi\/index.php?rest_route=\/wp\/v2\/pages\/2\/revisions"}],"predecessor-version":[{"id":227,"href":"https:\/\/www.mapsion.fi\/index.php?rest_route=\/wp\/v2\/pages\/2\/revisions\/227"}],"wp:attachment":[{"href":"https:\/\/www.mapsion.fi\/index.php?rest_route=%2Fwp%2Fv2%2Fmedia&parent=2"}],"curies":[{"name":"wp","href":"https:\/\/api.w.org\/{rel}","templated":true}]}}